{"id":100,"date":"2024-02-29T01:15:05","date_gmt":"2024-02-29T01:15:05","guid":{"rendered":"https:\/\/inspiritfoundation.org\/?page_id=100"},"modified":"2025-12-17T17:08:45","modified_gmt":"2025-12-17T17:08:45","slug":"mandat","status":"publish","type":"page","link":"https:\/\/inspiritfoundation.org\/fr\/mandat\/","title":{"rendered":"Mandat"},"content":{"rendered":"<section class=\"wp-block-intro bg-steel\">\n  <div class=\"container flex pb-20 flex-col gap-10 items-center\">\n    <div class=\"w-screen flex sm:w-full sm:justify-end sm:max-h-[500px]\">\n      <div class=\"sm:w-3\/4 relative\">\n                              <\/div>\n    <\/div>\n\n    <div class=\"flex flex-col self-start\">\n      <div class=\" text-white sm:w-4\/5 text-left\">\n                  <h1>\n            Mandat\n          <\/h1>\n        \n                  <p class=\"py-8 mb-0\">\n            D\u00e9couvrez notre vision, notre mission et ce que le pluralisme signifie pour nous.\n          <\/p>\n        \n              <\/div>\n    <\/div>\n\n  <\/div>\n\n<\/section>\n\n\n<section class=\"wp-core-spacer wp-core-block\"><div class=\"lg:container py-2 lg:px-0\">\n<div style=\"height:100px\" aria-hidden=\"true\" class=\"wp-block-spacer\"><\/div>\n<\/div><\/section>\n\n<section class=\"wp-block-two-column-text-image\">\n      <div class=\"container\">\n        <div class=\"grid lg:grid-cols-2 bg-olive\">\n                                        <div class=\"lg:p-15 text-black order-2 lg:order-1 p-7.5\">\n                                     <h2 class=\"lg:pb-12.5 lg:mb-12.5 pb-7.5 mb-7.5 border-b\">Notre vision<\/h2>\n                                                        <p>\n                      Nous visons un Canada plus inclusif et pluraliste, o\u00f9 nos diff\u00e9rences sont valoris\u00e9es et mises \u00e0 profit, et o\u00f9 chacun a des chances \u00e9gales de s\u2019\u00e9panouir, \u00e0 la fois socialement et \u00e9conomiquement.  \n                    <\/p>\n                                  <\/div>\n                                                                          <img loading=\"lazy\" decoding=\"async\" width=\"520\" height=\"600\" src=\"https:\/\/inspiritfoundation.org\/app\/uploads\/2024\/04\/Website-Mandate-2-1.png\" class=\"w-full lg:min-h-full object-cover lg:h-150 order-1\" alt=\"\" sizes=\"auto, 100vw\" style=\"object-position: 50% 50%;\" srcset=\"https:\/\/inspiritfoundation.org\/app\/uploads\/2024\/04\/Website-Mandate-2-1.png 520w, https:\/\/inspiritfoundation.org\/app\/uploads\/2024\/04\/Website-Mandate-2-1-260x300.png 260w\" \/>\n                                                <\/div>\n      <\/div>\n  <\/section>\n\n\n<section class=\"wp-block-two-column-text-image\">\n      <div class=\"container\">\n        <div class=\"grid lg:grid-cols-2 bg-magenta\">\n                                                            <img loading=\"lazy\" decoding=\"async\" width=\"520\" height=\"600\" src=\"https:\/\/inspiritfoundation.org\/app\/uploads\/2024\/04\/Website-Mandate-1.png\" class=\"w-full lg:min-h-full object-cover lg:h-150 order-1\" alt=\"\" sizes=\"auto, 100vw\" style=\"object-position: 50% 50%;\" srcset=\"https:\/\/inspiritfoundation.org\/app\/uploads\/2024\/04\/Website-Mandate-1.png 520w, https:\/\/inspiritfoundation.org\/app\/uploads\/2024\/04\/Website-Mandate-1-260x300.png 260w\" \/>\n                                                                      <div class=\"lg:p-15 text-white order-2 lg:order-1 p-7.5\">\n                                     <h2 class=\"lg:pb-12.5 lg:mb-12.5 pb-7.5 mb-7.5 border-b\">Notre mission<\/h2>\n                                                        <p>\n                      Nous \u0153uvrons \u00e0 faire progresser la justice raciale, sociale et \u00e9conomique en investissant nos actifs et en finan\u00e7ant des organisations artistiques et journalistiques. \n                    <\/p>\n                                  <\/div>\n                                <\/div>\n      <\/div>\n  <\/section>\n\n\n<section class=\"wp-core-spacer wp-core-block\"><div class=\"lg:container py-2 lg:px-0\">\n<div style=\"height:100px\" aria-hidden=\"true\" class=\"wp-block-spacer\"><\/div>\n<\/div><\/section>\n\n<section class=\"wp-core-columns wp-core-block\"><div class=\"lg:container py-2 lg:px-0\">\n<div class=\"wp-block-columns is-layout-flex wp-container-core-columns-is-layout-9d6595d7 wp-block-columns-is-layout-flex\">\n<div class=\"wp-block-column is-layout-flow wp-block-column-is-layout-flow\" style=\"flex-basis:33.33%\"><section class=\"wp-core-heading wp-core-block\"><div class=\"lg:container py-2 lg:px-0\">\n<h2 class=\"wp-block-heading\">Reconnaissance territoriale<\/h2>\n<\/div><\/section><\/div>\n\n\n\n<div class=\"wp-block-column is-layout-flow wp-block-column-is-layout-flow\" style=\"flex-basis:66.66%\"><section class=\"wp-core-paragraph wp-core-block\"><div class=\"lg:container py-2 lg:px-0\">\n<p>La Fondation Inspirit est honor\u00e9e de compter parmi son conseil d\u2019administration ou son personnel des membres de la Premi\u00e8re Nation anichinab\u00e9e. Le personnel et les membres du conseil d\u2019administration d\u2019Inspirit sont \u00e9galement compos\u00e9s de colons, d\u2019immigrants, de descendants d\u2019immigrants ou d\u2019une combinaison des deux. Nous avons des racines sur tous les continents, \u00e0 l\u2019exception de l\u2019Antarctique.&nbsp;&nbsp;<\/p>\n<\/div><\/section>\n\n<section class=\"wp-core-paragraph wp-core-block\"><div class=\"lg:container py-2 lg:px-0\">\n<p>Nous reconnaissons \u00e9galement les membres du conseil d\u2019administration et du personnel d\u2019origine africaine dont les anc\u00eatres ont \u00e9t\u00e9 d\u00e9plac\u00e9s de force dans le cadre de l\u2019esclavage transatlantique, emmen\u00e9s contre leur gr\u00e9 et forc\u00e9s \u00e0 travailler sur ces terres. Nous croyons que l\u2019avancement de la souverainet\u00e9 autochtone et de la lib\u00e9ration des Noirs sont des enjeux profond\u00e9ment et inextricablement li\u00e9s, et nous restons engag\u00e9s \u00e0 faire avancer ces enjeux.&nbsp;<\/p>\n<\/div><\/section>\n\n<section class=\"wp-core-paragraph wp-core-block\"><div class=\"lg:container py-2 lg:px-0\">\n<p>Le bureau d\u2019Inspirit est situ\u00e9 sur le territoire traditionnel des Premi\u00e8res Nations huronnes-wendat et p\u00e9tun, des S\u00e9n\u00e9ca et, plus r\u00e9cemment, des Mississauga de la rivi\u00e8re Cr\u00e9dit. Ce territoire fait l\u2019objet du Pacte de la ceinture wampun faisant r\u00e9f\u00e9rence au concept de \u00ab\u202fbol \u00e0 une seule cuill\u00e8re\u202f\u00bb, une entente entre la Conf\u00e9d\u00e9ration iroquoise, la Conf\u00e9d\u00e9ration des Ojibw\u00e9 et les nations alli\u00e9es visant \u00e0 partager pacifiquement les ressources entourant les Grands Lacs et \u00e0 en prendre soin. Nous avons le privil\u00e8ge de soutenir les nations et les partenaires de l\u2019\u00eele de la Tortue et de travailler avec eux.&nbsp;<\/p>\n<\/div><\/section><\/div>\n<\/div>\n<\/div><\/section>\n\n<section class=\"wp-core-columns wp-core-block\"><div class=\"lg:container py-2 lg:px-0\">\n<div class=\"wp-block-columns is-layout-flex wp-container-core-columns-is-layout-9d6595d7 wp-block-columns-is-layout-flex\">\n<div class=\"wp-block-column is-layout-flow wp-block-column-is-layout-flow\" style=\"flex-basis:33.33%\"><section class=\"wp-core-heading wp-core-block\"><div class=\"lg:container py-2 lg:px-0\">\n<h2 class=\"wp-block-heading\">D\u00e9claration sur l\u2019\u00e9quit\u00e9 et le pluralisme<\/h2>\n<\/div><\/section><\/div>\n\n\n\n<div class=\"wp-block-column is-layout-flow wp-block-column-is-layout-flow\" style=\"flex-basis:66.66%\"><section class=\"wp-core-paragraph wp-core-block\"><div class=\"lg:container py-2 lg:px-0\">\n<p>Inspirit est une fondation publique dont l\u2019objectif est de b\u00e2tir un Canada pluraliste. Pour ce faire, nous finan\u00e7ons les m\u00e9dias et les arts en vue de faire progresser le changement social et nous investissons notre capital de fa\u00e7on \u00e0 ce que ces investissements soient align\u00e9s sur notre mission.&nbsp;&nbsp;<\/p>\n<\/div><\/section>\n\n<section class=\"wp-core-paragraph wp-core-block\"><div class=\"lg:container py-2 lg:px-0\">\n<p>Nous d\u00e9finissons le pluralisme comme un engagement dynamique envers la diversit\u00e9, la recherche active de la compr\u00e9hension de l\u2019autre au-del\u00e0 des diff\u00e9rences, et un processus consistant \u00e0 cultiver un dialogue constructif contribuant \u00e0 un profond sentiment d\u2019appartenance chez les interlocuteurs.&nbsp;<\/p>\n<\/div><\/section>\n\n<section class=\"wp-core-paragraph wp-core-block\"><div class=\"lg:container py-2 lg:px-0\">\n<p>Nous croyons que l\u2019\u00e9quit\u00e9 est le fondement permettant la mise sur pied d\u2019une soci\u00e9t\u00e9 pluraliste. L\u2019\u00e9quit\u00e9 s\u2019efforce de cr\u00e9er un acc\u00e8s \u00e9gal pour tous et des r\u00e9sultats \u00e9gaux pour tous. L\u2019\u00e9quit\u00e9 reconna\u00eet toutefois qu\u2019un traitement \u00e9gal pour tous ne produit pas toujours des r\u00e9sultats \u00e9gaux en raison de l\u2019exclusion et de la discrimination syst\u00e9miques. L\u2019engagement et l\u2019action en faveur de l\u2019\u00e9quit\u00e9 remettent en question les syst\u00e8mes et les pratiques injustes, et visent \u00e0 cr\u00e9er un acc\u00e8s et des r\u00e9sultats \u00e9quitables.&nbsp;&nbsp;<\/p>\n<\/div><\/section>\n\n<section class=\"wp-core-paragraph wp-core-block\"><div class=\"lg:container py-2 lg:px-0\">\n<p>Nous reconnaissons \u00e9galement le droit des peuples autochtones \u00e0 d\u00e9terminer leurs propres cadres en mati\u00e8re d\u2019\u00e9quit\u00e9.&nbsp;<\/p>\n<\/div><\/section>\n\n<section class=\"wp-core-paragraph wp-core-block\"><div class=\"lg:container py-2 lg:px-0\">\n<p>Chez Inspirit, nous nous engageons \u00e0 veiller \u00e0 ce que les principes d\u2019\u00e9quit\u00e9 soient int\u00e9gr\u00e9s dans tous les aspects de notre travail de mani\u00e8re \u00e0 nous permettre\u202f:&nbsp;<\/p>\n<\/div><\/section>\n\n<section class=\"wp-core-list wp-core-block\"><div class=\"lg:container py-2 lg:px-0\">\n<ul class=\"wp-block-list\">\n<li>de favoriser une culture, chez notre personnel et les membres de notre conseil d\u2019administration, qui engage les gens de mani\u00e8re active, valorise les contributions et refl\u00e8te la diversit\u00e9 des parties prenantes que nous servons;\u00a0<\/li>\n<\/ul>\n<\/div><\/section>\n\n<section class=\"wp-core-list wp-core-block\"><div class=\"lg:container py-2 lg:px-0\">\n<ul class=\"wp-block-list\">\n<li>d\u2019offrir un acc\u00e8s et des opportunit\u00e9s \u00e9quitables en mati\u00e8re d\u2019emploi, de subventions, d\u2019investissements et de partenariats;\u00a0<\/li>\n<\/ul>\n<\/div><\/section>\n\n<section class=\"wp-core-list wp-core-block\"><div class=\"lg:container py-2 lg:px-0\">\n<ul class=\"wp-block-list\">\n<li>de cerner et de rechercher des moyens de r\u00e9duire et d\u2019\u00e9liminer les biais, la discrimination ainsi que les obstacles individuels et syst\u00e9miques qui ont un impact sur notre organisation et sur les communaut\u00e9s\/secteurs dans lesquels nous \u0153uvrons; et\u00a0<\/li>\n<\/ul>\n<\/div><\/section>\n\n<section class=\"wp-core-list wp-core-block\"><div class=\"lg:container py-2 lg:px-0\">\n<ul class=\"wp-block-list\">\n<li>d\u2019allouer des ressources suffisantes pour soutenir l\u2019apprentissage individuel et organisationnel continu ainsi que l\u2019acquisition de connaissances en mati\u00e8re d\u2019\u00e9quit\u00e9, dans la mesure o\u00f9 elles ont une influence sur notre travail de promotion du pluralisme.\u00a0\u00a0<\/li>\n<\/ul>\n<\/div><\/section>\n\n<section class=\"wp-core-paragraph wp-core-block\"><div class=\"lg:container py-2 lg:px-0\">\n<p>Nous estimons que l\u2019\u00e9quit\u00e9 est un processus r\u00e9it\u00e9ratif et nous nous engageons par cons\u00e9quent \u00e0 r\u00e9fl\u00e9chir \u00e0 cette d\u00e9claration chaque ann\u00e9e afin de nous assurer que nous faisons progresser l\u2019\u00e9quit\u00e9 au sein de notre propre organisation.&nbsp;<\/p>\n<\/div><\/section><\/div>\n<\/div>\n<\/div><\/section>\n\n<section class=\"wp-core-columns wp-core-block\"><div class=\"lg:container py-2 lg:px-0\">\n<div class=\"wp-block-columns is-layout-flex wp-container-core-columns-is-layout-9d6595d7 wp-block-columns-is-layout-flex\">\n<div class=\"wp-block-column is-layout-flow wp-block-column-is-layout-flow\" style=\"flex-basis:33.33%\"><section class=\"wp-core-heading wp-core-block\"><div class=\"lg:container py-2 lg:px-0\">\n<h2 class=\"wp-block-heading\">Pluralisme et pouvoir narratif<\/h2>\n<\/div><\/section><\/div>\n\n\n\n<div class=\"wp-block-column is-layout-flow wp-block-column-is-layout-flow\" style=\"flex-basis:66.66%\"><section class=\"wp-core-paragraph wp-core-block\"><div class=\"lg:container py-2 lg:px-0\">\n<p>Une soci\u00e9t\u00e9 pluraliste est une soci\u00e9t\u00e9 dans laquelle des personnes aux croyances et aux origines diverses peuvent participer sur un pied d\u2019\u00e9galit\u00e9, coexister pacifiquement et s\u2019\u00e9panouir, ensemble. Le pluralisme garantit que nous avons tous un sentiment d\u2019appartenance. Cela n\u00e9cessite un acc\u00e8s \u00e9quitable au financement afin que les personnes et les syst\u00e8mes puissent viser la compr\u00e9hension au-del\u00e0 des diff\u00e9rences, et remettre en question et modifier les structures de pouvoir existantes.&nbsp;&nbsp;<\/p>\n<\/div><\/section>\n\n<section class=\"wp-core-paragraph wp-core-block\"><div class=\"lg:container py-2 lg:px-0\">\n<p>Le pluralisme progresse lorsque nous nous voyons refl\u00e9t\u00e9s dans toute notre diversit\u00e9 et notre multiplicit\u00e9. Le pluralisme souffre lorsque les r\u00e9cits et les valeurs qui sous-tendent nos structures sociales, culturelles et \u00e9conomiques dominantes \u2013 ces m\u00eames structures qui dictent \u00e9galement quelles histoires sont dignes d\u2019\u00eatre financ\u00e9es et racont\u00e9es \u2013 laissent de c\u00f4t\u00e9 ou causent du tort \u00e0 ceux qui font partie de communaut\u00e9s raciales, ethniques et religieuses minoritaires.&nbsp;<\/p>\n<\/div><\/section>\n\n<section class=\"wp-core-paragraph wp-core-block\"><div class=\"lg:container py-2 lg:px-0\">\n<p>Nous soutenons les communaut\u00e9s et les organisations qui renforcent le pouvoir narratif et remettent en question les barri\u00e8res syst\u00e9miques qui ont traditionnellement dict\u00e9 quelles voix comptent et quelles voix ne comptent pas. Nous offrons des subventions afin de permettre une plus grande participation et un plus grand pouvoir de d\u00e9cision dans les arts et les m\u00e9dias, deux \u00e9l\u00e9ments cruciaux pour le pluralisme.&nbsp;<\/p>\n<\/div><\/section><\/div>\n<\/div>\n<\/div><\/section>\n\n<section class=\"wp-core-columns wp-core-block\"><div class=\"lg:container py-2 lg:px-0\">\n<div class=\"wp-block-columns is-layout-flex wp-container-core-columns-is-layout-9d6595d7 wp-block-columns-is-layout-flex\">\n<div class=\"wp-block-column is-layout-flow wp-block-column-is-layout-flow\" style=\"flex-basis:33.33%\"><section class=\"wp-core-heading wp-core-block\"><div class=\"lg:container py-2 lg:px-0\">\n<h2 class=\"wp-block-heading\">Pluralisme et justice \u00e9conomique<\/h2>\n<\/div><\/section><\/div>\n\n\n\n<div class=\"wp-block-column is-layout-flow wp-block-column-is-layout-flow\" style=\"flex-basis:66.66%\"><section class=\"wp-core-paragraph wp-core-block\"><div class=\"lg:container py-2 lg:px-0\">\n<p>Nous nous engageons \u00e9galement \u00e0 utiliser nos investissements pour r\u00e9aliser notre vision du pluralisme. Nos investissements doivent g\u00e9n\u00e9rer des r\u00e9sultats et maximiser la valeur pour les parties prenantes. Nos recherches nous ont permis d\u2019identifier quatre facteurs qui augmentent la probabilit\u00e9 d\u2019inclusion et de pluralisme dans une soci\u00e9t\u00e9 : l\u2019am\u00e9lioration des moyens de subsistance, les solutions au changement climatique, les infrastructures communautaires et l\u2019am\u00e9lioration de l\u2019acc\u00e8s aux arts, \u00e0 la culture et aux services importants. Nous \u00e9valuons les investissements potentiels en fonction de leur capacit\u00e9 \u00e0 contribuer aux objectifs et aux r\u00e9sultats li\u00e9s \u00e0 ces conditions soci\u00e9tales.\u00a0<\/p>\n<\/div><\/section><\/div>\n<\/div>\n<\/div><\/section>\n\n<section class=\"wp-core-separator wp-core-block\"><div class=\"lg:container py-2 lg:px-0\">\n<hr class=\"wp-block-separator has-alpha-channel-opacity\"\/>\n<\/div><\/section>","protected":false},"excerpt":{"rendered":"<p>Reconnaissance territoriale La Fondation Inspirit est honor\u00e9e de compter parmi son conseil d\u2019administration ou son personnel des membres de la Premi\u00e8re Nation anichinab\u00e9e. Le personnel et les membres du conseil d\u2019administration d\u2019Inspirit sont \u00e9galement compos\u00e9s de colons, d\u2019immigrants, de descendants d\u2019immigrants ou d\u2019une combinaison des deux. Nous avons des racines sur tous les continents, \u00e0 &hellip; <a href=\"https:\/\/inspiritfoundation.org\/fr\/mandat\/\">Continued<\/a><\/p>\n","protected":false},"author":1,"featured_media":0,"parent":0,"menu_order":0,"comment_status":"closed","ping_status":"closed","template":"","meta":{"_acf_changed":false,"footnotes":""},"class_list":["post-100","page","type-page","status-publish","hentry"],"acf":[],"yoast_head":"<!-- This site is optimized with the Yoast SEO plugin v22.9 - https:\/\/yoast.com\/wordpress\/plugins\/seo\/ -->\n<title>Mandat - Inspirit Foundation<\/title>\n<meta name=\"robots\" content=\"index, follow, max-snippet:-1, max-image-preview:large, max-video-preview:-1\" \/>\n<link rel=\"canonical\" href=\"https:\/\/inspiritfoundation.org\/fr\/mandat\/\" \/>\n<meta property=\"og:locale\" content=\"fr_FR\" \/>\n<meta property=\"og:type\" content=\"article\" \/>\n<meta property=\"og:title\" content=\"Mandat - Inspirit Foundation\" \/>\n<meta property=\"og:description\" content=\"Reconnaissance territoriale La Fondation Inspirit est honor\u00e9e de compter parmi son conseil d\u2019administration ou son personnel des membres de la Premi\u00e8re Nation anichinab\u00e9e. Le personnel et les membres du conseil d\u2019administration d\u2019Inspirit sont \u00e9galement compos\u00e9s de colons, d\u2019immigrants, de descendants d\u2019immigrants ou d\u2019une combinaison des deux. Nous avons des racines sur tous les continents, \u00e0 &hellip; Continued\" \/>\n<meta property=\"og:url\" content=\"https:\/\/inspiritfoundation.org\/fr\/mandat\/\" \/>\n<meta property=\"og:site_name\" content=\"Inspirit Foundation\" \/>\n<meta property=\"article:modified_time\" content=\"2025-12-17T17:08:45+00:00\" \/>\n<meta name=\"twitter:card\" content=\"summary_large_image\" \/>\n<meta name=\"twitter:label1\" content=\"Est. reading time\" \/>\n\t<meta name=\"twitter:data1\" content=\"4 minutes\" \/>\n<script type=\"application\/ld+json\" class=\"yoast-schema-graph\">{\"@context\":\"https:\/\/schema.org\",\"@graph\":[{\"@type\":\"WebPage\",\"@id\":\"https:\/\/inspiritfoundation.org\/fr\/mandat\/\",\"url\":\"https:\/\/inspiritfoundation.org\/fr\/mandat\/\",\"name\":\"Mandat - Inspirit Foundation\",\"isPartOf\":{\"@id\":\"https:\/\/inspiritfoundation.org\/fr\/#website\"},\"datePublished\":\"2024-02-29T01:15:05+00:00\",\"dateModified\":\"2025-12-17T17:08:45+00:00\",\"breadcrumb\":{\"@id\":\"https:\/\/inspiritfoundation.org\/fr\/mandat\/#breadcrumb\"},\"inLanguage\":\"fr-FR\",\"potentialAction\":[{\"@type\":\"ReadAction\",\"target\":[\"https:\/\/inspiritfoundation.org\/fr\/mandat\/\"]}]},{\"@type\":\"BreadcrumbList\",\"@id\":\"https:\/\/inspiritfoundation.org\/fr\/mandat\/#breadcrumb\",\"itemListElement\":[{\"@type\":\"ListItem\",\"position\":1,\"name\":\"Home\",\"item\":\"https:\/\/inspiritfoundation.org\/fr\/\"},{\"@type\":\"ListItem\",\"position\":2,\"name\":\"Mandat\"}]},{\"@type\":\"WebSite\",\"@id\":\"https:\/\/inspiritfoundation.org\/fr\/#website\",\"url\":\"https:\/\/inspiritfoundation.org\/fr\/\",\"name\":\"Inspirit Foundation\",\"description\":\"\",\"potentialAction\":[{\"@type\":\"SearchAction\",\"target\":{\"@type\":\"EntryPoint\",\"urlTemplate\":\"https:\/\/inspiritfoundation.org\/fr\/?s={search_term_string}\"},\"query-input\":\"required name=search_term_string\"}],\"inLanguage\":\"fr-FR\"}]}<\/script>\n<!-- \/ Yoast SEO plugin. -->","yoast_head_json":{"title":"Mandat - Inspirit Foundation","robots":{"index":"index","follow":"follow","max-snippet":"max-snippet:-1","max-image-preview":"max-image-preview:large","max-video-preview":"max-video-preview:-1"},"canonical":"https:\/\/inspiritfoundation.org\/fr\/mandat\/","og_locale":"fr_FR","og_type":"article","og_title":"Mandat - Inspirit Foundation","og_description":"Reconnaissance territoriale La Fondation Inspirit est honor\u00e9e de compter parmi son conseil d\u2019administration ou son personnel des membres de la Premi\u00e8re Nation anichinab\u00e9e. Le personnel et les membres du conseil d\u2019administration d\u2019Inspirit sont \u00e9galement compos\u00e9s de colons, d\u2019immigrants, de descendants d\u2019immigrants ou d\u2019une combinaison des deux. Nous avons des racines sur tous les continents, \u00e0 &hellip; Continued","og_url":"https:\/\/inspiritfoundation.org\/fr\/mandat\/","og_site_name":"Inspirit Foundation","article_modified_time":"2025-12-17T17:08:45+00:00","twitter_card":"summary_large_image","twitter_misc":{"Est. reading time":"4 minutes"},"schema":{"@context":"https:\/\/schema.org","@graph":[{"@type":"WebPage","@id":"https:\/\/inspiritfoundation.org\/fr\/mandat\/","url":"https:\/\/inspiritfoundation.org\/fr\/mandat\/","name":"Mandat - Inspirit Foundation","isPartOf":{"@id":"https:\/\/inspiritfoundation.org\/fr\/#website"},"datePublished":"2024-02-29T01:15:05+00:00","dateModified":"2025-12-17T17:08:45+00:00","breadcrumb":{"@id":"https:\/\/inspiritfoundation.org\/fr\/mandat\/#breadcrumb"},"inLanguage":"fr-FR","potentialAction":[{"@type":"ReadAction","target":["https:\/\/inspiritfoundation.org\/fr\/mandat\/"]}]},{"@type":"BreadcrumbList","@id":"https:\/\/inspiritfoundation.org\/fr\/mandat\/#breadcrumb","itemListElement":[{"@type":"ListItem","position":1,"name":"Home","item":"https:\/\/inspiritfoundation.org\/fr\/"},{"@type":"ListItem","position":2,"name":"Mandat"}]},{"@type":"WebSite","@id":"https:\/\/inspiritfoundation.org\/fr\/#website","url":"https:\/\/inspiritfoundation.org\/fr\/","name":"Inspirit Foundation","description":"","potentialAction":[{"@type":"SearchAction","target":{"@type":"EntryPoint","urlTemplate":"https:\/\/inspiritfoundation.org\/fr\/?s={search_term_string}"},"query-input":"required name=search_term_string"}],"inLanguage":"fr-FR"}]}},"_links":{"self":[{"href":"https:\/\/inspiritfoundation.org\/fr\/wp-json\/wp\/v2\/pages\/100","targetHints":{"allow":["GET"]}}],"collection":[{"href":"https:\/\/inspiritfoundation.org\/fr\/wp-json\/wp\/v2\/pages"}],"about":[{"href":"https:\/\/inspiritfoundation.org\/fr\/wp-json\/wp\/v2\/types\/page"}],"author":[{"embeddable":true,"href":"https:\/\/inspiritfoundation.org\/fr\/wp-json\/wp\/v2\/users\/1"}],"replies":[{"embeddable":true,"href":"https:\/\/inspiritfoundation.org\/fr\/wp-json\/wp\/v2\/comments?post=100"}],"version-history":[{"count":8,"href":"https:\/\/inspiritfoundation.org\/fr\/wp-json\/wp\/v2\/pages\/100\/revisions"}],"predecessor-version":[{"id":5038,"href":"https:\/\/inspiritfoundation.org\/fr\/wp-json\/wp\/v2\/pages\/100\/revisions\/5038"}],"wp:attachment":[{"href":"https:\/\/inspiritfoundation.org\/fr\/wp-json\/wp\/v2\/media?parent=100"}],"curies":[{"name":"wp","href":"https:\/\/api.w.org\/{rel}","templated":true}]}}