{"id":5055,"date":"2024-04-23T01:59:49","date_gmt":"2024-04-23T01:59:49","guid":{"rendered":"https:\/\/inspiritfoundation.org\/priorities\/"},"modified":"2025-12-17T21:05:47","modified_gmt":"2025-12-17T21:05:47","slug":"priorites","status":"publish","type":"page","link":"https:\/\/inspiritfoundation.org\/fr\/priorites\/","title":{"rendered":"Priorit\u00e9s"},"content":{"rendered":"<section class=\"wp-block-intro bg-magenta\">\n  <div class=\"container flex pb-20 flex-col gap-10 items-center\">\n    <div class=\"w-screen flex sm:w-full sm:justify-end sm:max-h-[500px]\">\n      <div class=\"sm:w-3\/4 relative\">\n                              <\/div>\n    <\/div>\n\n    <div class=\"flex flex-col self-start\">\n      <div class=\" text-white sm:w-4\/5 text-left\">\n                  <h1>\n            Priorit\u00e9s\n          <\/h1>\n        \n                  <p class=\"py-8 mb-0\">\n            Nos subventions s&#8217;articulent autour de trois priorit\u00e9s. Nous donnons la priorit\u00e9 aux efforts qui construisent des \u00e9cosyst\u00e8mes narratifs \u00e9quitables, qui font progresser la souverainet\u00e9 narrative et la r\u00e9conciliation des Autochtones, et qui luttent contre l\u2019islamophobie.\r\n\n          <\/p>\n        \n              <\/div>\n    <\/div>\n\n  <\/div>\n\n<\/section>\n\n\n<section class=\"wp-core-spacer wp-core-block\"><div class=\"lg:container py-2 lg:px-0\">\n<div style=\"height:25px\" aria-hidden=\"true\" class=\"wp-block-spacer\"><\/div>\n<\/div><\/section>\n\n<section class=\"wp-core-columns wp-core-block\"><div class=\"lg:container py-2 lg:px-0\">\n<div class=\"wp-block-columns is-layout-flex wp-container-core-columns-is-layout-9d6595d7 wp-block-columns-is-layout-flex\">\n<div class=\"wp-block-column is-layout-flow wp-block-column-is-layout-flow\" style=\"padding-top:var(--wp--preset--spacing--40);padding-right:var(--wp--preset--spacing--40);padding-bottom:var(--wp--preset--spacing--40);padding-left:var(--wp--preset--spacing--40);flex-basis:33.33%\"><section class=\"wp-core-image wp-core-block\"><div class=\"lg:container py-2 lg:px-0\">\n<figure class=\"wp-block-image alignleft size-full is-resized\"><img loading=\"lazy\" decoding=\"async\" width=\"520\" height=\"600\" src=\"https:\/\/inspiritfoundation.org\/app\/uploads\/2024\/04\/Website-Priorities-3.png\" alt=\"\" class=\"wp-image-1978\" style=\"width:390px;height:450px\" srcset=\"https:\/\/inspiritfoundation.org\/app\/uploads\/2024\/04\/Website-Priorities-3.png 520w, https:\/\/inspiritfoundation.org\/app\/uploads\/2024\/04\/Website-Priorities-3-260x300.png 260w\" sizes=\"auto, (max-width: 520px) 100vw, 520px\" \/><\/figure>\n<\/div><\/section><\/div>\n\n\n\n<div class=\"wp-block-column is-layout-flow wp-block-column-is-layout-flow\" style=\"flex-basis:66.66%\"><section class=\"wp-core-heading wp-core-block\"><div class=\"lg:container py-2 lg:px-0\">\n<h2 class=\"wp-block-heading\">Construire des \u00e9cosyst\u00e8mes narratifs \u00e9quitables<\/h2>\n<\/div><\/section>\n\n<section class=\"wp-core-spacer wp-core-block\"><div class=\"lg:container py-2 lg:px-0\">\n<div style=\"height:30px\" aria-hidden=\"true\" class=\"wp-block-spacer\"><\/div>\n<\/div><\/section>\n\n<section class=\"wp-core-paragraph wp-core-block\"><div class=\"lg:container py-2 lg:px-0\">\n<p>Nous nous associons \u00e0 des organisations et \u00e0 des initiatives qui mettent en place une infrastructure sp\u00e9cifique \u00e0 l\u2019industrie pour soutenir les r\u00e9cits dirig\u00e9s par des communaut\u00e9s sous-repr\u00e9sent\u00e9es. Cette infrastructure soutient les \u00e9cosyst\u00e8mes qui permettent d\u2019augmenter l\u2019acc\u00e8s, les opportunit\u00e9s et le pouvoir d\u2019un large \u00e9ventail de communaut\u00e9s. <\/p>\n<\/div><\/section>\n\n<section class=\"wp-core-paragraph wp-core-block\"><div class=\"lg:container py-2 lg:px-0\">\n<p>Nous travaillons en priorit\u00e9 avec des organisations dirig\u00e9es ou profond\u00e9ment marqu\u00e9es par des voix autochtones, musulmanes, noires et racialis\u00e9es.&nbsp;<\/p>\n<\/div><\/section>\n\n<section class=\"wp-core-paragraph wp-core-block\"><div class=\"lg:container py-2 lg:px-0\">\n<p>Bien que la diversit\u00e9 raciale, ethnique et religieuse augmente lentement dans les secteurs des arts et des m\u00e9dias, il existe encore des disparit\u00e9s de financement, des lacunes au niveau du leadership, ainsi que des pratiques et des politiques discriminatoires qui perp\u00e9tuent l\u2019in\u00e9galit\u00e9.&nbsp;&nbsp;<\/p>\n<\/div><\/section>\n\n<section class=\"wp-core-heading wp-core-block\"><div class=\"lg:container py-2 lg:px-0\">\n<h3 class=\"wp-block-heading\">Notre concentration actuelle :&nbsp;<\/h3>\n<\/div><\/section>\n\n<section class=\"wp-core-list wp-core-block\"><div class=\"lg:container py-2 lg:px-0\">\n<ul class=\"wp-block-list\">\n<li>le journalisme num\u00e9rique, communautaire et d\u2019int\u00e9r\u00eat public<\/li>\n<\/ul>\n<\/div><\/section><\/div>\n<\/div>\n<\/div><\/section>\n\n<section class=\"wp-core-separator wp-core-block\"><div class=\"lg:container py-2 lg:px-0\">\n<hr class=\"wp-block-separator has-alpha-channel-opacity\"\/>\n<\/div><\/section>\n\n<section class=\"wp-core-spacer wp-core-block\"><div class=\"lg:container py-2 lg:px-0\">\n<div style=\"height:25px\" aria-hidden=\"true\" class=\"wp-block-spacer\"><\/div>\n<\/div><\/section>\n\n<section class=\"wp-core-columns wp-core-block\"><div class=\"lg:container py-2 lg:px-0\">\n<div class=\"wp-block-columns are-vertically-aligned-top is-layout-flex wp-container-core-columns-is-layout-9d6595d7 wp-block-columns-is-layout-flex\">\n<div class=\"wp-block-column is-vertically-aligned-top is-layout-flow wp-block-column-is-layout-flow\" style=\"padding-top:var(--wp--preset--spacing--40);padding-right:var(--wp--preset--spacing--40);padding-bottom:var(--wp--preset--spacing--40);padding-left:var(--wp--preset--spacing--40);flex-basis:33.33%\"><section class=\"wp-core-image wp-core-block\"><div class=\"lg:container py-2 lg:px-0\">\n<figure class=\"wp-block-image alignleft size-full is-resized is-style-default\"><img loading=\"lazy\" decoding=\"async\" width=\"520\" height=\"600\" src=\"https:\/\/inspiritfoundation.org\/app\/uploads\/2024\/04\/Website-Priorities-1.png\" alt=\"\" class=\"wp-image-1974\" style=\"width:390px;height:450px\" srcset=\"https:\/\/inspiritfoundation.org\/app\/uploads\/2024\/04\/Website-Priorities-1.png 520w, https:\/\/inspiritfoundation.org\/app\/uploads\/2024\/04\/Website-Priorities-1-260x300.png 260w\" sizes=\"auto, (max-width: 520px) 100vw, 520px\" \/><\/figure>\n<\/div><\/section><\/div>\n\n\n\n<div class=\"wp-block-column is-layout-flow wp-block-column-is-layout-flow\" style=\"flex-basis:66.66%\"><section class=\"wp-core-heading wp-core-block\"><div class=\"lg:container py-2 lg:px-0\">\n<h2 class=\"wp-block-heading\">La souverainet\u00e9 narrative des autochtones et la r\u00e9conciliation<\/h2>\n<\/div><\/section>\n\n<section class=\"wp-core-spacer wp-core-block\"><div class=\"lg:container py-2 lg:px-0\">\n<div style=\"height:30px\" aria-hidden=\"true\" class=\"wp-block-spacer\"><\/div>\n<\/div><\/section>\n\n<section class=\"wp-core-paragraph wp-core-block\"><div class=\"lg:container py-2 lg:px-0\">\n<p>Inspirit s\u2019engage \u00e0 \u00e9tablir des relations de confiance avec les communaut\u00e9s autochtones afin de soutenir leurs voix, leur leadership et leur droit \u00e0 l\u2019autod\u00e9termination.&nbsp;&nbsp;<\/p>\n<\/div><\/section>\n\n<section class=\"wp-core-paragraph wp-core-block\"><div class=\"lg:container py-2 lg:px-0\">\n<p>Nous consid\u00e9rons la r\u00e9conciliation comme un processus continu fond\u00e9 sur les principes de r\u00e9ciprocit\u00e9 et d\u2019\u00e9quit\u00e9. Nous reconnaissons \u00e9galement que la r\u00e9conciliation est un terme contest\u00e9 qui n\u00e9cessite une \u00e9coute, un apprentissage et une adaptation continue de nos pratiques en vue de rectifier les s\u00e9quelles permanentes de la colonisation qui ont des r\u00e9percussions n\u00e9gatives sur les communaut\u00e9s autochtones.&nbsp;&nbsp;<\/p>\n<\/div><\/section>\n\n<section class=\"wp-core-paragraph wp-core-block\"><div class=\"lg:container py-2 lg:px-0\">\n<p>Notre travail dans ce domaine touche de nombreux aspects. Nous donnons la priorit\u00e9 au financement d\u2019organisations et d\u2019initiatives dirig\u00e9es par des autochtones qui font progresser le contr\u00f4le de la propri\u00e9t\u00e9 intellectuelle et culturelle ainsi que du patrimoine, et qui modifient le pouvoir narratif.&nbsp;<\/p>\n<\/div><\/section>\n\n<section class=\"wp-core-paragraph wp-core-block\"><div class=\"lg:container py-2 lg:px-0\">\n<p>Nous travaillons en partenariat avec des organisations autochtones dans plusieurs secteurs d\u2019activit\u00e9, notamment :&nbsp;<\/p>\n<\/div><\/section>\n\n<section class=\"wp-core-list wp-core-block\"><div class=\"lg:container py-2 lg:px-0\">\n<ul class=\"wp-block-list\">\n<li>les industries de l\u2019\u00e9cran, telles que le cin\u00e9ma et la t\u00e9l\u00e9vision;<\/li>\n\n\n\n<li>le journalisme num\u00e9rique, communautaire et d\u2019int\u00e9r\u00eat public;&nbsp;<\/li>\n\n\n\n<li>la mode et les industries culturelles;&nbsp;<\/li>\n\n\n\n<li>les arts visuels&nbsp;<\/li>\n<\/ul>\n<\/div><\/section>\n\n<section class=\"wp-core-heading wp-core-block\"><div class=\"lg:container py-2 lg:px-0\">\n<h3 class=\"wp-block-heading\">Notre concentration actuelle :&nbsp;<\/h3>\n<\/div><\/section>\n\n<section class=\"wp-core-paragraph wp-core-block\"><div class=\"lg:container py-2 lg:px-0\">\n<p>En 2025, Inspirit r\u00e9imagine le m\u00e9canisme d\u2019octroi de subventions aux secteurs des arts et des m\u00e9dias ax\u00e9s sur les Autochtones, dans le but de transf\u00e9rer une plus grande partie du processus de prise de d\u00e9cisions aux organisations autochtones.<\/p>\n<\/div><\/section><\/div>\n<\/div>\n<\/div><\/section>\n\n<section class=\"wp-core-spacer wp-core-block\"><div class=\"lg:container py-2 lg:px-0\">\n<div style=\"height:25px\" aria-hidden=\"true\" class=\"wp-block-spacer\"><\/div>\n<\/div><\/section>\n\n<section class=\"wp-core-separator wp-core-block\"><div class=\"lg:container py-2 lg:px-0\">\n<hr class=\"wp-block-separator has-alpha-channel-opacity\"\/>\n<\/div><\/section>\n\n<section class=\"wp-core-spacer wp-core-block\"><div class=\"lg:container py-2 lg:px-0\">\n<div style=\"height:25px\" aria-hidden=\"true\" class=\"wp-block-spacer\"><\/div>\n<\/div><\/section>\n\n<section class=\"wp-core-columns wp-core-block\"><div class=\"lg:container py-2 lg:px-0\">\n<div class=\"wp-block-columns is-layout-flex wp-container-core-columns-is-layout-9d6595d7 wp-block-columns-is-layout-flex\">\n<div class=\"wp-block-column is-layout-flow wp-block-column-is-layout-flow\" style=\"padding-top:var(--wp--preset--spacing--40);padding-right:var(--wp--preset--spacing--40);padding-bottom:var(--wp--preset--spacing--40);padding-left:var(--wp--preset--spacing--40);flex-basis:33.33%\"><section class=\"wp-core-image wp-core-block\"><div class=\"lg:container py-2 lg:px-0\">\n<figure class=\"wp-block-image alignleft size-full is-resized\"><img loading=\"lazy\" decoding=\"async\" width=\"520\" height=\"600\" src=\"https:\/\/inspiritfoundation.org\/app\/uploads\/2024\/04\/Website-Priorities-2.png\" alt=\"\" class=\"wp-image-1976\" style=\"width:390px;height:450px\" srcset=\"https:\/\/inspiritfoundation.org\/app\/uploads\/2024\/04\/Website-Priorities-2.png 520w, https:\/\/inspiritfoundation.org\/app\/uploads\/2024\/04\/Website-Priorities-2-260x300.png 260w\" sizes=\"auto, (max-width: 520px) 100vw, 520px\" \/><\/figure>\n<\/div><\/section><\/div>\n\n\n\n<div class=\"wp-block-column is-layout-flow wp-block-column-is-layout-flow\" style=\"flex-basis:66.66%\"><section class=\"wp-core-heading wp-core-block\"><div class=\"lg:container py-2 lg:px-0\">\n<h2 class=\"wp-block-heading\">Lutter contre l\u2019islamophobie<\/h2>\n<\/div><\/section>\n\n<section class=\"wp-core-spacer wp-core-block\"><div class=\"lg:container py-2 lg:px-0\">\n<div style=\"height:30px\" aria-hidden=\"true\" class=\"wp-block-spacer\"><\/div>\n<\/div><\/section>\n\n<section class=\"wp-core-paragraph wp-core-block\"><div class=\"lg:container py-2 lg:px-0\">\n<p>Pour mettre fin \u00e0 l\u2019islamophobie, il convient d\u2019adopter une vari\u00e9t\u00e9 d\u2019approches et de tactiques. Nous nous concentrons sur les r\u00e9cits, les id\u00e9es et les normes culturelles qui fa\u00e7onnent les visions du monde et les comportements, en particulier dans la culture populaire. La majorit\u00e9 des subventions accord\u00e9es par Inspirit dans ce domaine rel\u00e8vent de notre Laboratoire de changement narratif.<\/p>\n<\/div><\/section>\n\n<section class=\"wp-core-heading wp-core-block\"><div class=\"lg:container py-2 lg:px-0\">\n<h3 class=\"wp-block-heading\">Notre concentration actuelle :&nbsp;<\/h3>\n<\/div><\/section>\n\n<section class=\"wp-core-paragraph wp-core-block\"><div class=\"lg:container py-2 lg:px-0\">\n<p>Nous travaillons avec des organisations artistiques et m\u00e9diatiques dirig\u00e9es par des musulmans, ainsi qu\u2019avec des partenaires de recherche qui s\u2019int\u00e9ressent aux carences narratives et aident \u00e0 d\u00e9velopper une infrastructure visant \u00e0 permettre aux musulmans d\u2019\u00e9tablir des liens et de raconter leurs histoires dans leurs propres mots et selon leurs propres termes.&nbsp;&nbsp;<\/p>\n<\/div><\/section>\n\n<section class=\"wp-core-paragraph wp-core-block\"><div class=\"lg:container py-2 lg:px-0\">\n<p>Nous nous concentrons sur les aspects suivants\u202f:&nbsp;<\/p>\n<\/div><\/section>\n\n<section class=\"wp-core-list wp-core-block\"><div class=\"lg:container py-2 lg:px-0\">\n<ul class=\"wp-block-list\">\n<li>les industries de l\u2019\u00e9cran, telles que le cin\u00e9ma et la t\u00e9l\u00e9vision;&nbsp;<\/li>\n\n\n\n<li>le soutien au d\u00e9veloppement de r\u00e9seaux dans diff\u00e9rents domaines artistiques et culturels;<\/li>\n\n\n\n<li>le lancement du <a href=\"https:\/\/inspiritfoundation.org\/fr\/fonds-des-nouveaux-recits\/\" target=\"_blank\" rel=\"noreferrer noopener\">Fonds des nouveaux r\u00e9cits<\/a><\/li>\n<\/ul>\n<\/div><\/section><\/div>\n<\/div>\n<\/div><\/section>\n\n<section class=\"wp-core-spacer wp-core-block\"><div class=\"lg:container py-2 lg:px-0\">\n<div style=\"height:25px\" aria-hidden=\"true\" class=\"wp-block-spacer\"><\/div>\n<\/div><\/section>\n\n<section class=\"wp-block-text flex bg-olive\" >\n  <div class=\"pl-8 md:pl-14 flex\">\n      <svg aria-hidden=\"true\" class=\"z-10 hidden h-full md:block  text-turquoise\" width=\"64\" height=\"396\" viewBox=\"0 0 64 396\" fill=\"currentColor\" xmlns=\"http:\/\/www.w3.org\/2000\/svg\">\n<path d=\"M-11.3825 -77.4785L40.605 -76.1347L42.1491 -57.0521C41.3 153.111 53 192.879 56 233.462C63.2818 331.97 61.9411 361.613 64 464.955L-13.6987 474.708C-14.3421 445.143 -14.4708 423.507 -14.3421 393.674C-14.3421 393.405 -15.1142 387.358 -14.9855 376.473C-14.4708 338.307 -13.4414 247.598 -11.7685 197.472C-11.3824 188.334 -11.7685 176.912 -11.3825 167.773V-77.4785Z\" fill=\"currentColor\"\/>\n<\/svg>      <svg aria-hidden=\"true\" class=\"-ml-4 hidden h-full md:block  text-fern\" width=\"42\" height=\"396\" viewBox=\"0 0 42 396\" fill=\"currentColor\" xmlns=\"http:\/\/www.w3.org\/2000\/svg\">\n<path d=\"M64.3842 -21.8525H6.4989H1.93641L0.225586 -8.56867L1.36621 420.54L1.93641 427.786H6.35619H64.099C63.8138 402.292 64.0989 376.261 64.5267 350.096V-21.8525H64.3842Z\" fill=\"currentColor\"\/>\n<\/svg>      <svg aria-hidden=\"true\" class=\"z-10 md:hidden text-turquoise\" width=\"22\" height=\"519\" viewBox=\"0 0 22 519\" fill=\"currentColor\" xmlns=\"http:\/\/www.w3.org\/2000\/svg\">\n<path d=\"M-3.29415 -101.543L14.035 -99.7822L14.5497 -74.7724C14.2667 200.669 18.1667 252.788 19.1667 305.978C21.5939 435.082 21.147 473.933 21.8333 609.373L-4.06624 622.155C-4.28071 583.408 -4.32359 555.052 -4.2807 515.952C-4.2807 515.6 -4.53807 507.674 -4.49518 493.408C-4.3236 443.388 -3.98045 324.504 -3.42283 258.809C-3.29415 246.832 -3.42283 231.862 -3.29415 219.885V-101.543Z\" fill=\"currentColor\"\/>\n<\/svg>    <svg aria-hidden=\"true\" class=\"-ml-2 md:hidden text-fern\" width=\"15\" height=\"519\" viewBox=\"0 0 15 519\" fill=\"currentColor\" xmlns=\"http:\/\/www.w3.org\/2000\/svg\">\n<path d=\"M21.9614 -28.6404H2.6663H1.14547L0.575195 -11.2305L0.955403 551.163L1.14547 560.659H2.61873H21.8663C21.7713 527.246 21.8663 493.129 22.0089 458.837V-28.6404H21.9614Z\" fill=\"currentColor\"\/>\n<\/svg>  <\/div>\n  <div class=\"flex flex-col gap-8 py-10 px-4 md:px-16 md:flex-row md:gap-24\" >\n    <div class=\"flex flex-1\">\n              <h2 class=\"animated-text flex items-center text-black\">Nous financons des organisations canadiennes qui correspondent \u00e0 nos priorit\u00e9s.<\/h2>\n          <\/div>\n\n          <div class=\"animated-text flex flex-col justify-center gap-8 items-center md:flex-1\">\n                  <div class=\"font-normal text-xl text-black\">Nous offrons jusqu\u2019\u00e0 30 subventions par ann\u00e9e, dans trois cat\u00e9gories : des subventions pour la recherche et le d\u00e9veloppement sectoriel, des subventions pour des projets, et des subventions organisationnelles.\r\n\r\n\r\n<\/div>\n                          <div>\n            <a\n  class=\"text-xl border-b font-medium flex items-center gap-3 hover:text-magenta flex gap-2 items-center\" href=\"https:\/\/inspiritfoundation.org\/fr\/subventions\/\" target=\"_blank\">\n\n    <span>\n      Explorer les cat\u00e9gories de subventions\n    <\/span>\n\n          <svg aria-hidden=\"true\" width=\"25\" height=\"19\" viewBox=\"0 0 25 19\" fill=\"none\"\n  xmlns=\"http:\/\/www.w3.org\/2000\/svg\">\n  <path d=\"M15.5055 18.9999L14.0555 17.5192L20.7593 10.6238H0.361328V8.52989H20.7593L14.0389 1.61743L15.4889 0.136719L24.6668 9.57685L15.5055 18.9999Z\" fill=\"currentColor\"\/>\n<\/svg>    \n  <\/a>\n          <\/div>\n              <\/div>\n      <\/div>\n<\/section>\n\n","protected":false},"excerpt":{"rendered":"<p>Construire des \u00e9cosyst\u00e8mes narratifs \u00e9quitables Nous nous associons \u00e0 des organisations et \u00e0 des initiatives qui mettent en place une infrastructure sp\u00e9cifique \u00e0 l\u2019industrie pour soutenir les r\u00e9cits dirig\u00e9s par des communaut\u00e9s sous-repr\u00e9sent\u00e9es. Cette infrastructure soutient les \u00e9cosyst\u00e8mes qui permettent d\u2019augmenter l\u2019acc\u00e8s, les opportunit\u00e9s et le pouvoir d\u2019un large \u00e9ventail de communaut\u00e9s. Nous travaillons en &hellip; <a href=\"https:\/\/inspiritfoundation.org\/fr\/priorites\/\">Continued<\/a><\/p>\n","protected":false},"author":2,"featured_media":0,"parent":0,"menu_order":0,"comment_status":"closed","ping_status":"closed","template":"","meta":{"_acf_changed":false,"footnotes":""},"class_list":["post-5055","page","type-page","status-publish","hentry"],"acf":[],"yoast_head":"<!-- This site is optimized with the Yoast SEO plugin v22.9 - https:\/\/yoast.com\/wordpress\/plugins\/seo\/ -->\n<title>Priorit\u00e9s - Inspirit Foundation<\/title>\n<meta name=\"robots\" content=\"index, follow, max-snippet:-1, max-image-preview:large, max-video-preview:-1\" \/>\n<link rel=\"canonical\" href=\"https:\/\/inspiritfoundation.org\/fr\/priorites\/\" \/>\n<meta property=\"og:locale\" content=\"fr_FR\" \/>\n<meta property=\"og:type\" content=\"article\" \/>\n<meta property=\"og:title\" content=\"Priorit\u00e9s - Inspirit Foundation\" \/>\n<meta property=\"og:description\" content=\"Construire des \u00e9cosyst\u00e8mes narratifs \u00e9quitables Nous nous associons \u00e0 des organisations et \u00e0 des initiatives qui mettent en place une infrastructure sp\u00e9cifique \u00e0 l\u2019industrie pour soutenir les r\u00e9cits dirig\u00e9s par des communaut\u00e9s sous-repr\u00e9sent\u00e9es. Cette infrastructure soutient les \u00e9cosyst\u00e8mes qui permettent d\u2019augmenter l\u2019acc\u00e8s, les opportunit\u00e9s et le pouvoir d\u2019un large \u00e9ventail de communaut\u00e9s. Nous travaillons en &hellip; Continued\" \/>\n<meta property=\"og:url\" content=\"https:\/\/inspiritfoundation.org\/fr\/priorites\/\" \/>\n<meta property=\"og:site_name\" content=\"Inspirit Foundation\" \/>\n<meta property=\"article:modified_time\" content=\"2025-12-17T21:05:47+00:00\" \/>\n<meta property=\"og:image\" content=\"https:\/\/inspiritfoundation.org\/app\/uploads\/2024\/04\/Website-Priorities-3.png\" \/>\n<meta name=\"twitter:card\" content=\"summary_large_image\" \/>\n<meta name=\"twitter:label1\" content=\"Est. reading time\" \/>\n\t<meta name=\"twitter:data1\" content=\"3 minutes\" \/>\n<script type=\"application\/ld+json\" class=\"yoast-schema-graph\">{\"@context\":\"https:\/\/schema.org\",\"@graph\":[{\"@type\":\"WebPage\",\"@id\":\"https:\/\/inspiritfoundation.org\/fr\/priorites\/\",\"url\":\"https:\/\/inspiritfoundation.org\/fr\/priorites\/\",\"name\":\"Priorit\u00e9s - Inspirit Foundation\",\"isPartOf\":{\"@id\":\"https:\/\/inspiritfoundation.org\/fr\/#website\"},\"primaryImageOfPage\":{\"@id\":\"https:\/\/inspiritfoundation.org\/fr\/priorites\/#primaryimage\"},\"image\":{\"@id\":\"https:\/\/inspiritfoundation.org\/fr\/priorites\/#primaryimage\"},\"thumbnailUrl\":\"https:\/\/inspiritfoundation.org\/app\/uploads\/2024\/04\/Website-Priorities-3.png\",\"datePublished\":\"2024-04-23T01:59:49+00:00\",\"dateModified\":\"2025-12-17T21:05:47+00:00\",\"breadcrumb\":{\"@id\":\"https:\/\/inspiritfoundation.org\/fr\/priorites\/#breadcrumb\"},\"inLanguage\":\"fr-FR\",\"potentialAction\":[{\"@type\":\"ReadAction\",\"target\":[\"https:\/\/inspiritfoundation.org\/fr\/priorites\/\"]}]},{\"@type\":\"ImageObject\",\"inLanguage\":\"fr-FR\",\"@id\":\"https:\/\/inspiritfoundation.org\/fr\/priorites\/#primaryimage\",\"url\":\"https:\/\/inspiritfoundation.org\/app\/uploads\/2024\/04\/Website-Priorities-3.png\",\"contentUrl\":\"https:\/\/inspiritfoundation.org\/app\/uploads\/2024\/04\/Website-Priorities-3.png\"},{\"@type\":\"BreadcrumbList\",\"@id\":\"https:\/\/inspiritfoundation.org\/fr\/priorites\/#breadcrumb\",\"itemListElement\":[{\"@type\":\"ListItem\",\"position\":1,\"name\":\"Home\",\"item\":\"https:\/\/inspiritfoundation.org\/fr\/\"},{\"@type\":\"ListItem\",\"position\":2,\"name\":\"Priorit\u00e9s\"}]},{\"@type\":\"WebSite\",\"@id\":\"https:\/\/inspiritfoundation.org\/fr\/#website\",\"url\":\"https:\/\/inspiritfoundation.org\/fr\/\",\"name\":\"Inspirit Foundation\",\"description\":\"\",\"potentialAction\":[{\"@type\":\"SearchAction\",\"target\":{\"@type\":\"EntryPoint\",\"urlTemplate\":\"https:\/\/inspiritfoundation.org\/fr\/?s={search_term_string}\"},\"query-input\":\"required name=search_term_string\"}],\"inLanguage\":\"fr-FR\"}]}<\/script>\n<!-- \/ Yoast SEO plugin. -->","yoast_head_json":{"title":"Priorit\u00e9s - Inspirit Foundation","robots":{"index":"index","follow":"follow","max-snippet":"max-snippet:-1","max-image-preview":"max-image-preview:large","max-video-preview":"max-video-preview:-1"},"canonical":"https:\/\/inspiritfoundation.org\/fr\/priorites\/","og_locale":"fr_FR","og_type":"article","og_title":"Priorit\u00e9s - Inspirit Foundation","og_description":"Construire des \u00e9cosyst\u00e8mes narratifs \u00e9quitables Nous nous associons \u00e0 des organisations et \u00e0 des initiatives qui mettent en place une infrastructure sp\u00e9cifique \u00e0 l\u2019industrie pour soutenir les r\u00e9cits dirig\u00e9s par des communaut\u00e9s sous-repr\u00e9sent\u00e9es. Cette infrastructure soutient les \u00e9cosyst\u00e8mes qui permettent d\u2019augmenter l\u2019acc\u00e8s, les opportunit\u00e9s et le pouvoir d\u2019un large \u00e9ventail de communaut\u00e9s. Nous travaillons en &hellip; Continued","og_url":"https:\/\/inspiritfoundation.org\/fr\/priorites\/","og_site_name":"Inspirit Foundation","article_modified_time":"2025-12-17T21:05:47+00:00","og_image":[{"url":"https:\/\/inspiritfoundation.org\/app\/uploads\/2024\/04\/Website-Priorities-3.png"}],"twitter_card":"summary_large_image","twitter_misc":{"Est. reading time":"3 minutes"},"schema":{"@context":"https:\/\/schema.org","@graph":[{"@type":"WebPage","@id":"https:\/\/inspiritfoundation.org\/fr\/priorites\/","url":"https:\/\/inspiritfoundation.org\/fr\/priorites\/","name":"Priorit\u00e9s - Inspirit Foundation","isPartOf":{"@id":"https:\/\/inspiritfoundation.org\/fr\/#website"},"primaryImageOfPage":{"@id":"https:\/\/inspiritfoundation.org\/fr\/priorites\/#primaryimage"},"image":{"@id":"https:\/\/inspiritfoundation.org\/fr\/priorites\/#primaryimage"},"thumbnailUrl":"https:\/\/inspiritfoundation.org\/app\/uploads\/2024\/04\/Website-Priorities-3.png","datePublished":"2024-04-23T01:59:49+00:00","dateModified":"2025-12-17T21:05:47+00:00","breadcrumb":{"@id":"https:\/\/inspiritfoundation.org\/fr\/priorites\/#breadcrumb"},"inLanguage":"fr-FR","potentialAction":[{"@type":"ReadAction","target":["https:\/\/inspiritfoundation.org\/fr\/priorites\/"]}]},{"@type":"ImageObject","inLanguage":"fr-FR","@id":"https:\/\/inspiritfoundation.org\/fr\/priorites\/#primaryimage","url":"https:\/\/inspiritfoundation.org\/app\/uploads\/2024\/04\/Website-Priorities-3.png","contentUrl":"https:\/\/inspiritfoundation.org\/app\/uploads\/2024\/04\/Website-Priorities-3.png"},{"@type":"BreadcrumbList","@id":"https:\/\/inspiritfoundation.org\/fr\/priorites\/#breadcrumb","itemListElement":[{"@type":"ListItem","position":1,"name":"Home","item":"https:\/\/inspiritfoundation.org\/fr\/"},{"@type":"ListItem","position":2,"name":"Priorit\u00e9s"}]},{"@type":"WebSite","@id":"https:\/\/inspiritfoundation.org\/fr\/#website","url":"https:\/\/inspiritfoundation.org\/fr\/","name":"Inspirit Foundation","description":"","potentialAction":[{"@type":"SearchAction","target":{"@type":"EntryPoint","urlTemplate":"https:\/\/inspiritfoundation.org\/fr\/?s={search_term_string}"},"query-input":"required name=search_term_string"}],"inLanguage":"fr-FR"}]}},"_links":{"self":[{"href":"https:\/\/inspiritfoundation.org\/fr\/wp-json\/wp\/v2\/pages\/5055","targetHints":{"allow":["GET"]}}],"collection":[{"href":"https:\/\/inspiritfoundation.org\/fr\/wp-json\/wp\/v2\/pages"}],"about":[{"href":"https:\/\/inspiritfoundation.org\/fr\/wp-json\/wp\/v2\/types\/page"}],"author":[{"embeddable":true,"href":"https:\/\/inspiritfoundation.org\/fr\/wp-json\/wp\/v2\/users\/2"}],"replies":[{"embeddable":true,"href":"https:\/\/inspiritfoundation.org\/fr\/wp-json\/wp\/v2\/comments?post=5055"}],"version-history":[{"count":7,"href":"https:\/\/inspiritfoundation.org\/fr\/wp-json\/wp\/v2\/pages\/5055\/revisions"}],"predecessor-version":[{"id":5091,"href":"https:\/\/inspiritfoundation.org\/fr\/wp-json\/wp\/v2\/pages\/5055\/revisions\/5091"}],"wp:attachment":[{"href":"https:\/\/inspiritfoundation.org\/fr\/wp-json\/wp\/v2\/media?parent=5055"}],"curies":[{"name":"wp","href":"https:\/\/api.w.org\/{rel}","templated":true}]}}