{"id":88,"date":"2024-02-29T01:13:55","date_gmt":"2024-02-29T01:13:55","guid":{"rendered":"https:\/\/inspiritfoundation.org\/?page_id=88"},"modified":"2026-01-15T17:59:12","modified_gmt":"2026-01-15T17:59:12","slug":"a-propos-de","status":"publish","type":"page","link":"https:\/\/inspiritfoundation.org\/fr\/a-propos-de\/","title":{"rendered":"\u00c0 propos de"},"content":{"rendered":"<section class=\"wp-block-intro bg-steel\">\n  <div class=\"container flex pb-20 flex-col gap-10 items-center\">\n    <div class=\"w-screen flex sm:w-full sm:justify-end sm:max-h-[500px]\">\n      <div class=\"sm:w-3\/4 relative\">\n                                  <video autoplay muted playsinline loop class=\"w-full max-w-none h-full\" aria-label=\"About Hero Video\">\n            <source src=\"https:\/\/inspiritfoundation.org\/app\/uploads\/2024\/06\/About-Hero-Video.mp4\">\n          <\/video>\n              <\/div>\n    <\/div>\n\n    <div class=\"flex flex-col self-start\">\n      <div class=\" text-white sm:w-4\/5 text-left\">\n                  <h1>\n            La Fondation Inspirit est une fondation publique bas\u00e9e \u00e0 Toronto, en Ontario, au Canada. \n          <\/h1>\n        \n                  <p class=\"py-8 mb-0\">\n            Nous finan\u00e7ons des organisations canadiennes qui contribuent \u00e0 renforcer le pouvoir narratif. Nous favorisons et soutenons le changement narratif en vue de favoriser un d\u00e9placement du pouvoir.  \n          <\/p>\n        \n              <\/div>\n    <\/div>\n\n  <\/div>\n\n<\/section>\n\n\n<section class=\"wp-core-spacer wp-core-block\"><div class=\"lg:container py-2 lg:px-0\">\n<div style=\"height:25px\" aria-hidden=\"true\" class=\"wp-block-spacer\"><\/div>\n<\/div><\/section>\n\n<section class=\"wp-core-columns wp-core-block\"><div class=\"lg:container py-2 lg:px-0\">\n<div class=\"wp-block-columns is-layout-flex wp-container-core-columns-is-layout-9d6595d7 wp-block-columns-is-layout-flex\">\n<div class=\"wp-block-column is-layout-flow wp-block-column-is-layout-flow\" style=\"flex-basis:33.33%\"><section class=\"wp-core-heading wp-core-block\"><div class=\"lg:container py-2 lg:px-0\">\n<h3 class=\"wp-block-heading\">Le&nbsp;changement&nbsp;narratif&nbsp;est&nbsp;un&nbsp;effort&nbsp;concert\u00e9&nbsp;pour&nbsp;remettre&nbsp;en&nbsp;question,&nbsp;modifier&nbsp;ou&nbsp;remplacer&nbsp;les&nbsp;r\u00e9cits&nbsp;existants&nbsp;qui&nbsp;perp\u00e9tuent&nbsp;les&nbsp;in\u00e9galit\u00e9s&nbsp;en&nbsp;tant&nbsp;que&nbsp;moyen&nbsp;de&nbsp;faire&nbsp;progresser&nbsp;la&nbsp;justice&nbsp;raciale,&nbsp;sociale&nbsp;et&nbsp;\u00e9conomique.<\/h3>\n<\/div><\/section><\/div>\n\n\n\n<div class=\"wp-block-column is-layout-flow wp-block-column-is-layout-flow\" style=\"flex-basis:66.66%\"><section class=\"wp-core-paragraph wp-core-block\"><div class=\"lg:container py-2 lg:px-0\">\n<p>Notre d\u00e9finition du changement narratif est adapt\u00e9e d\u2019<a href=\"https:\/\/learcenter.s3.us-west-1.amazonaws.com\/Norman+Lear+Center+Narrative+Change+Investment+Framework.pdf\" target=\"_blank\" rel=\"noreferrer noopener\">ORS Impact et du projet sur l\u2019impact des m\u00e9dias du USC Norman Lear Center<\/a>.<\/p>\n<\/div><\/section>\n\n<section class=\"wp-core-paragraph wp-core-block\"><div class=\"lg:container py-2 lg:px-0\">\n<p>Nous nous int\u00e9ressons aux infrastructures narratives qui favorisent le pluralisme et remettent en question les structures de repr\u00e9sentation discriminatoires, afin de permettre que le contenu pr\u00e9sent\u00e9 dans les m\u00e9dias refl\u00e8te une multiplicit\u00e9 d\u2019histoires et une diversit\u00e9 de personnes. Avec le temps, nous esp\u00e9rons voir un changement au niveau des d\u00e9tenteurs du pouvoir en mati\u00e8re de financement, de cr\u00e9ation et de diffusion des r\u00e9cits.&nbsp;&nbsp;<\/p>\n<\/div><\/section>\n\n<section class=\"wp-core-paragraph wp-core-block\"><div class=\"lg:container py-2 lg:px-0\">\n<p>Outre l\u2019octroi de subventions, nous utilisons \u00e9galement nos fonds pour faire avancer notre mission d\u2019autres mani\u00e8res; nous investissons nos actifs pour g\u00e9n\u00e9rer des retomb\u00e9es sociales et \u00e9conomiques positives \u00e0 partir de notre portefeuille ainsi que pour soutenir des initiatives qui favorisent un acc\u00e8s \u00e9quitable au capital. Cela nous permet d\u2019ex\u00e9cuter notre mission de mani\u00e8re holistique afin de faire progresser notre vision du pluralisme et de l\u2019inclusion.&nbsp;<\/p>\n<\/div><\/section>\n\n<section class=\"wp-core-paragraph wp-core-block\"><div class=\"lg:container py-2 lg:px-0\">\n<p>Toutes nos activit\u00e9s sont financ\u00e9es par les rendements financiers g\u00e9n\u00e9r\u00e9s par l\u2019investissement de notre fondation. Les actifs de la Fondation Inspirit proviennent du produit de la vente de la licence de Vision TV, une cha\u00eene de t\u00e9l\u00e9vision multiconfessionnelle et multiculturelle accr\u00e9dit\u00e9e en 1987. Notre organisme a le statut d\u2019association caritative et est dirig\u00e9 par un conseil d\u2019administration.&nbsp;<\/p>\n<\/div><\/section><\/div>\n<\/div>\n<\/div><\/section>\n\n<section class=\"wp-core-spacer wp-core-block\"><div class=\"lg:container py-2 lg:px-0\">\n<div style=\"height:25px\" aria-hidden=\"true\" class=\"wp-block-spacer\"><\/div>\n<\/div><\/section>\n\n<section \n  class=\"wp-block-media-and-text relative py-15 lg:py-20 bg-sky \" \n  id=\"media_and_text1\"\n      x-data=\"{ showModal: false, embedUrl : '' }\" \n    @keydown.window.escape=\"showModal = false\" \n    x-cloak\n  >\n    <div \n      class=\"text-black container lg:flex lg:justify-between lg:items-center lg:flex-row-reverse\"\n       \n        :class=\"{ 'h-[100vh] py-24' : showModal, 'relative' : !showModal }\"\n          >\n      \n              <div class=\"lg:w-[45%]\">\n                    \n          \n                      \n                          <div class=\"relative overflow-hidden lg:h-[530px] h-[280px] w-full\" x-data=\"parallaxImage\" x-cloak>\n                                  <svg aria-hidden=\"true\" class=\"absolute left-0 top-0 h-full z-10\" preserveAspectRatio=\"none\" viewBox=\"0 0 90 530\" fill=\"none\"\n  xmlns=\"http:\/\/www.w3.org\/2000\/svg\">\n  <g clip-path=\"url(#clip0_514_20474)\">\n    <path d=\"M102.846 -182.172L26 -136.842C26 -136.842 26.8131 -135.004 27.2197 -133.983L33.522 -54.3485C41.4506 85.7267 53.8516 117.989 49.5823 239.483C48.9725 259.902 48.1594 280.729 47.3462 301.353C47.3462 319.117 47.3461 336.882 47.5494 354.238C47.5494 375.066 47.5494 395.689 47.7527 416.517C48.1593 511.874 51.0055 599.676 45.7198 695.646L132.324 711.369C135.78 649.499 136.797 587.016 137 525.146C136.593 438.365 135.983 349.542 135.374 262.761C135.374 244.588 135.17 226.21 134.967 207.833C134.967 201.095 134.967 194.152 134.967 187.414C133.747 123.91 131.511 59.386 127.648 -4.93423C127.445 -7.9971 127.242 -13.3061 127.039 -19.8402C124.802 -98.2497 119.72 -152.973 102.44 -182.376\" fill=\"#B2005A\"\/>\n    <path d=\"M31.7281 -138.869L-1.1816 -145.613C-9.30749 -106.373 -15.1988 -66.3145 -19.6681 -25.8477C-21.0901 37.7136 -26.1687 100.458 -31.0443 162.18C-31.6537 170.355 -32.4664 178.734 -33.4821 186.909C-33.8884 202.033 -34.4979 217.157 -35.1073 232.077C-36.7325 279.697 -38.3576 328.952 -41.2016 375.754C-42.0142 389.243 -42.8269 402.732 -43.8426 416.425C-42.2175 436.454 -40.5922 456.483 -39.9828 475.082C-38.1545 528.015 -36.123 582.789 -38.3576 628.16L-54 627.343C-54 634.087 -53.5936 640.832 -53.3904 647.372L54.8869 635.798C52.6523 574.076 38.229 522.526 43.1045 457.942C44.7297 434.439 41.8856 386.921 43.1045 364.235C46.1083 313.239 53.2942 285.147 54.8869 234.938C58.9499 113.333 64.4349 -13.7895 88 -129.058L31.3219 -138.869H31.7281Z\" fill=\"#E91A33\"\/>\n  <\/g>\n  <defs>\n    <clipPath id=\"clip0_514_20474\">\n      <rect width=\"90\" height=\"530\" fill=\"white\"\/>\n    <\/clipPath>\n  <\/defs>\n<\/svg>                                <img loading=\"lazy\" decoding=\"async\" width=\"1009\" height=\"1024\" src=\"https:\/\/inspiritfoundation.org\/app\/uploads\/2024\/04\/TheMosquers4-1009x1024.jpeg\" class=\"h-full w-full object-cover absolute top-0 left-1\/2 transform -translate-x-1\/2 lg:scale-[1.2] scale-[1.3]\" alt=\"\" sizes=\"auto, (min-width: 1440px) 630px,\n        (min-width: 976px) 630px,\n        (min-width: 768px) calc((768px - (1.25rem * 2)),\n        (min-width: 480px) calc((480px - (1.25rem * 2)),\n        calc(100vw - (1.25rem * 2))\" style=\"object-position: 50% 50%;\" x-ref=\"img\" srcset=\"https:\/\/inspiritfoundation.org\/app\/uploads\/2024\/04\/TheMosquers4-1009x1024.jpeg 1009w, https:\/\/inspiritfoundation.org\/app\/uploads\/2024\/04\/TheMosquers4-295x300.jpeg 295w, https:\/\/inspiritfoundation.org\/app\/uploads\/2024\/04\/TheMosquers4-768x780.jpeg 768w, https:\/\/inspiritfoundation.org\/app\/uploads\/2024\/04\/TheMosquers4-1513x1536.jpeg 1513w, https:\/\/inspiritfoundation.org\/app\/uploads\/2024\/04\/TheMosquers4.jpeg 1891w\" \/>\n              <\/div>\n                              <\/div>\n            \n      \n      <div class=\"lg:w-[45%]\">\n        \n                  <h2 class=\"pt-10 lg:pt-0 lg:max-w-[420px]\">Mandat<\/h2>\n        \n        \n                  <p class=\"font-normal text-xl pt-10 mb-0\">D\u00e9couvrez le pluralisme, ainsi que la vision et la mission de la Fondation Inspirit.<\/p>\n        \n        \n                  <div class=\"pt-10\">\n            <a\n  class=\"inline-flex items-center justify-center text-center text-xl rounded-4xl py-3 px-10 border-1 font-medium transition-all bg-black text-white hover:bg-magenta\" href=\"https:\/\/inspiritfoundation.org\/fr\/mandat\/\" target=\"_blank\">\n\n    <span>\n      En savoir plus\n    <\/span>\n\n    \n  <\/a>\n          <\/div>\n              <\/div>\n    <\/div>\n<\/section>\n\n\n\n<section \n  class=\"wp-block-media-and-text relative py-15 lg:py-20 bg-sky \" \n  id=\"media_and_text3\"\n      x-data=\"{ showModal: false, embedUrl : '' }\" \n    @keydown.window.escape=\"showModal = false\" \n    x-cloak\n  >\n    <div \n      class=\"text-black container lg:flex lg:justify-between lg:items-center lg:flex-row\"\n       \n        :class=\"{ 'h-[100vh] py-24' : showModal, 'relative' : !showModal }\"\n          >\n      \n              <div class=\"lg:w-[45%]\">\n                    \n          \n                      \n                          <div class=\"relative overflow-hidden lg:h-[530px] h-[280px] w-full\" x-data=\"parallaxImage\" x-cloak>\n                                  <svg aria-hidden=\"true\" class=\"absolute left-0 top-0 h-full z-10\" preserveAspectRatio=\"none\" viewBox=\"0 0 90 530\" fill=\"none\"\n  xmlns=\"http:\/\/www.w3.org\/2000\/svg\">\n  <g clip-path=\"url(#clip0_514_20474)\">\n    <path d=\"M102.846 -182.172L26 -136.842C26 -136.842 26.8131 -135.004 27.2197 -133.983L33.522 -54.3485C41.4506 85.7267 53.8516 117.989 49.5823 239.483C48.9725 259.902 48.1594 280.729 47.3462 301.353C47.3462 319.117 47.3461 336.882 47.5494 354.238C47.5494 375.066 47.5494 395.689 47.7527 416.517C48.1593 511.874 51.0055 599.676 45.7198 695.646L132.324 711.369C135.78 649.499 136.797 587.016 137 525.146C136.593 438.365 135.983 349.542 135.374 262.761C135.374 244.588 135.17 226.21 134.967 207.833C134.967 201.095 134.967 194.152 134.967 187.414C133.747 123.91 131.511 59.386 127.648 -4.93423C127.445 -7.9971 127.242 -13.3061 127.039 -19.8402C124.802 -98.2497 119.72 -152.973 102.44 -182.376\" fill=\"#B2005A\"\/>\n    <path d=\"M31.7281 -138.869L-1.1816 -145.613C-9.30749 -106.373 -15.1988 -66.3145 -19.6681 -25.8477C-21.0901 37.7136 -26.1687 100.458 -31.0443 162.18C-31.6537 170.355 -32.4664 178.734 -33.4821 186.909C-33.8884 202.033 -34.4979 217.157 -35.1073 232.077C-36.7325 279.697 -38.3576 328.952 -41.2016 375.754C-42.0142 389.243 -42.8269 402.732 -43.8426 416.425C-42.2175 436.454 -40.5922 456.483 -39.9828 475.082C-38.1545 528.015 -36.123 582.789 -38.3576 628.16L-54 627.343C-54 634.087 -53.5936 640.832 -53.3904 647.372L54.8869 635.798C52.6523 574.076 38.229 522.526 43.1045 457.942C44.7297 434.439 41.8856 386.921 43.1045 364.235C46.1083 313.239 53.2942 285.147 54.8869 234.938C58.9499 113.333 64.4349 -13.7895 88 -129.058L31.3219 -138.869H31.7281Z\" fill=\"#E91A33\"\/>\n  <\/g>\n  <defs>\n    <clipPath id=\"clip0_514_20474\">\n      <rect width=\"90\" height=\"530\" fill=\"white\"\/>\n    <\/clipPath>\n  <\/defs>\n<\/svg>                                <img loading=\"lazy\" decoding=\"async\" width=\"630\" height=\"530\" src=\"https:\/\/inspiritfoundation.org\/app\/uploads\/2024\/04\/Website-Our-Story-1.png\" class=\"h-full w-full object-cover absolute top-0 left-1\/2 transform -translate-x-1\/2 lg:scale-[1.2] scale-[1.3]\" alt=\"\" sizes=\"auto, (min-width: 1440px) 630px,\n        (min-width: 976px) 630px,\n        (min-width: 768px) calc((768px - (1.25rem * 2)),\n        (min-width: 480px) calc((480px - (1.25rem * 2)),\n        calc(100vw - (1.25rem * 2))\" style=\"object-position: 50% 50%;\" x-ref=\"img\" srcset=\"https:\/\/inspiritfoundation.org\/app\/uploads\/2024\/04\/Website-Our-Story-1.png 630w, https:\/\/inspiritfoundation.org\/app\/uploads\/2024\/04\/Website-Our-Story-1-300x252.png 300w\" \/>\n              <\/div>\n                              <\/div>\n            \n      \n      <div class=\"lg:w-[45%]\">\n        \n                  <h2 class=\"pt-10 lg:pt-0 lg:max-w-[420px]\">Notre histoire<\/h2>\n        \n        \n                  <p class=\"font-normal text-xl pt-10 mb-0\">Nos racines remontent \u00e0 Vision TV, un diffuseur pionnier et courageux qui incarnait les espoirs et les valeurs qui guident la Fondation Inspirit.<\/p>\n        \n        \n                  <div class=\"pt-10\">\n            <a\n  class=\"inline-flex items-center justify-center text-center text-xl rounded-4xl py-3 px-10 border-1 font-medium transition-all bg-black text-white hover:bg-magenta\" href=\"https:\/\/inspiritfoundation.org\/fr\/notre-histoire\/\" target=\"_blank\">\n\n    <span>\n      D\u00e9couvrez notre parcours\n    <\/span>\n\n    \n  <\/a>\n          <\/div>\n              <\/div>\n    <\/div>\n<\/section>\n\n\n\n<section class=\"wp-block-row-of-cards bg-beige py-15 lg:py-30\">\n\n  <div class=\"text-black container flex flex-col gap-10\">\n\n    <div class=\"lg:px-10\">\n\n              <h2 class=\" mb-10 max-w-lg\">\n          L&#8217;\u00e9quipe et le CA\n        <\/h2>\n            \n    \n\n      \n    <\/div>\n\n          <div class=\"flex\">\n        <div class=\"grid grid-cols-1 list-none md:grid-cols-2 flex-1 border-b-[10px] lg:border-0 border-fern\">\n                        <div class=\"h-full flex\">\n                <img decoding=\"async\" src=\"https:\/\/inspiritfoundation.org\/app\/themes\/sage\/public\/images\/blocks\/row-of-cards\/blue-stick.d3c931.svg\" class=\"hidden lg:block 2xl:w-[90px] xl:w-[70px] lg:w-[50px]\" aria-hidden=\"true\"\/>\n                <a\n  class=\"flex flex-col h-full flex-1 lg:border-0 border-t-[10px] border-steel\" href=\"https:\/\/inspiritfoundation.org\/fr\/personnel\/\" target=\"_blank\">\n\n            <img loading=\"lazy\" decoding=\"async\" width=\"1024\" height=\"861\" src=\"https:\/\/inspiritfoundation.org\/app\/uploads\/2026\/01\/Team-Photo2-2-1024x861.png\" class=\"w-full aspect-video object-cover lg:h-[400px] h-96\" alt=\"\" sizes=\"auto, 100vw\" style=\"object-position: 50% 50%;\" srcset=\"https:\/\/inspiritfoundation.org\/app\/uploads\/2026\/01\/Team-Photo2-2-1024x861.png 1024w, https:\/\/inspiritfoundation.org\/app\/uploads\/2026\/01\/Team-Photo2-2-300x252.png 300w, https:\/\/inspiritfoundation.org\/app\/uploads\/2026\/01\/Team-Photo2-2-768x646.png 768w, https:\/\/inspiritfoundation.org\/app\/uploads\/2026\/01\/Team-Photo2-2-1536x1292.png 1536w, https:\/\/inspiritfoundation.org\/app\/uploads\/2026\/01\/Team-Photo2-2.png 1969w\" \/>\n    \n    <div class=\"bg-white text-black px-5 py-7 flex-1\">\n\n        <div class=\"flex gap-4\">\n            <div>\n                                    <h3 class=\"h3 h4 mb-5\">\n                        \u00c9quipe\n                    <\/h3>\n                                                    <p class=\" text-base\">\n                        Rencontrez notre \u00e9quipe\n                    <\/p>\n                            <\/div>\n                            <div class=\"flex\">\n                    <svg aria-hidden=\"true\" class=\"text-magenta mt-auto w-6 h-[18px]\" width=\"25\" height=\"19\" viewBox=\"0 0 25 19\" fill=\"none\"\n  xmlns=\"http:\/\/www.w3.org\/2000\/svg\">\n  <path d=\"M15.5055 18.9999L14.0555 17.5192L20.7593 10.6238H0.361328V8.52989H20.7593L14.0389 1.61743L15.4889 0.136719L24.6668 9.57685L15.5055 18.9999Z\" fill=\"currentColor\"\/>\n<\/svg>                <\/div>\n                    <\/div>\n    <\/div>\n\n<\/a>\n\n              <\/div>\n                        <div class=\"h-full flex\">\n                <img decoding=\"async\" src=\"https:\/\/inspiritfoundation.org\/app\/themes\/sage\/public\/images\/blocks\/row-of-cards\/red-stick.00729e.svg\" class=\"hidden lg:block 2xl:w-[90px] xl:w-[70px] lg:w-[50px]\" aria-hidden=\"true\"\/>\n                <a\n  class=\"flex flex-col h-full flex-1 lg:border-0 border-t-[10px] border-crimson\" href=\"https:\/\/inspiritfoundation.org\/fr\/board-of-directors\/\" target=\"_blank\">\n\n            <img loading=\"lazy\" decoding=\"async\" width=\"650\" height=\"650\" src=\"https:\/\/inspiritfoundation.org\/app\/uploads\/2024\/04\/Website-Board-2.png\" class=\"w-full aspect-video object-cover lg:h-[400px] h-96\" alt=\"\" sizes=\"auto, 100vw\" style=\"object-position: 50% 50%;\" srcset=\"https:\/\/inspiritfoundation.org\/app\/uploads\/2024\/04\/Website-Board-2.png 650w, https:\/\/inspiritfoundation.org\/app\/uploads\/2024\/04\/Website-Board-2-300x300.png 300w, https:\/\/inspiritfoundation.org\/app\/uploads\/2024\/04\/Website-Board-2-150x150.png 150w\" \/>\n    \n    <div class=\"bg-white text-black px-5 py-7 flex-1\">\n\n        <div class=\"flex gap-4\">\n            <div>\n                                    <h3 class=\"h3 h4 mb-5\">\n                        Conseil d&#8217;administration\n                    <\/h3>\n                                                    <p class=\" text-base\">\n                        Rencontrez notre conseil d&#8217;administration\n                    <\/p>\n                            <\/div>\n                            <div class=\"flex\">\n                    <svg aria-hidden=\"true\" class=\"text-magenta mt-auto w-6 h-[18px]\" width=\"25\" height=\"19\" viewBox=\"0 0 25 19\" fill=\"none\"\n  xmlns=\"http:\/\/www.w3.org\/2000\/svg\">\n  <path d=\"M15.5055 18.9999L14.0555 17.5192L20.7593 10.6238H0.361328V8.52989H20.7593L14.0389 1.61743L15.4889 0.136719L24.6668 9.57685L15.5055 18.9999Z\" fill=\"currentColor\"\/>\n<\/svg>                <\/div>\n                    <\/div>\n    <\/div>\n\n<\/a>\n\n              <\/div>\n                  <\/div>\n        <img decoding=\"async\" src=\"https:\/\/inspiritfoundation.org\/app\/themes\/sage\/public\/images\/blocks\/row-of-cards\/yellow-stick.050c99.svg\" class=\"hidden lg:block 2xl:w-[90px] xl:w-[70px] lg:w-[50px]\" aria-hidden=\"true\"\/>\n      <\/div>\n\n    \n\n  <\/div>\n\n<\/section>\n","protected":false},"excerpt":{"rendered":"<p>Le&nbsp;changement&nbsp;narratif&nbsp;est&nbsp;un&nbsp;effort&nbsp;concert\u00e9&nbsp;pour&nbsp;remettre&nbsp;en&nbsp;question,&nbsp;modifier&nbsp;ou&nbsp;remplacer&nbsp;les&nbsp;r\u00e9cits&nbsp;existants&nbsp;qui&nbsp;perp\u00e9tuent&nbsp;les&nbsp;in\u00e9galit\u00e9s&nbsp;en&nbsp;tant&nbsp;que&nbsp;moyen&nbsp;de&nbsp;faire&nbsp;progresser&nbsp;la&nbsp;justice&nbsp;raciale,&nbsp;sociale&nbsp;et&nbsp;\u00e9conomique. Notre d\u00e9finition du changement narratif est adapt\u00e9e d\u2019ORS Impact et du projet sur l\u2019impact des m\u00e9dias du USC Norman Lear Center. Nous nous int\u00e9ressons aux infrastructures narratives qui favorisent le pluralisme et remettent en question les structures de repr\u00e9sentation discriminatoires, afin de permettre que le contenu pr\u00e9sent\u00e9 dans les m\u00e9dias refl\u00e8te une multiplicit\u00e9 d\u2019histoires &hellip; <a href=\"https:\/\/inspiritfoundation.org\/fr\/a-propos-de\/\">Continued<\/a><\/p>\n","protected":false},"author":1,"featured_media":0,"parent":0,"menu_order":0,"comment_status":"closed","ping_status":"closed","template":"","meta":{"_acf_changed":false,"footnotes":""},"class_list":["post-88","page","type-page","status-publish","hentry"],"acf":[],"yoast_head":"<!-- This site is optimized with the Yoast SEO plugin v22.9 - https:\/\/yoast.com\/wordpress\/plugins\/seo\/ -->\n<title>\u00c0 propos de - Inspirit Foundation<\/title>\n<meta name=\"robots\" content=\"index, follow, max-snippet:-1, max-image-preview:large, max-video-preview:-1\" \/>\n<link rel=\"canonical\" href=\"https:\/\/inspiritfoundation.org\/fr\/a-propos-de\/\" \/>\n<meta property=\"og:locale\" content=\"fr_FR\" \/>\n<meta property=\"og:type\" content=\"article\" \/>\n<meta property=\"og:title\" content=\"\u00c0 propos de - Inspirit Foundation\" \/>\n<meta property=\"og:description\" content=\"Le&nbsp;changement&nbsp;narratif&nbsp;est&nbsp;un&nbsp;effort&nbsp;concert\u00e9&nbsp;pour&nbsp;remettre&nbsp;en&nbsp;question,&nbsp;modifier&nbsp;ou&nbsp;remplacer&nbsp;les&nbsp;r\u00e9cits&nbsp;existants&nbsp;qui&nbsp;perp\u00e9tuent&nbsp;les&nbsp;in\u00e9galit\u00e9s&nbsp;en&nbsp;tant&nbsp;que&nbsp;moyen&nbsp;de&nbsp;faire&nbsp;progresser&nbsp;la&nbsp;justice&nbsp;raciale,&nbsp;sociale&nbsp;et&nbsp;\u00e9conomique. Notre d\u00e9finition du changement narratif est adapt\u00e9e d\u2019ORS Impact et du projet sur l\u2019impact des m\u00e9dias du USC Norman Lear Center. Nous nous int\u00e9ressons aux infrastructures narratives qui favorisent le pluralisme et remettent en question les structures de repr\u00e9sentation discriminatoires, afin de permettre que le contenu pr\u00e9sent\u00e9 dans les m\u00e9dias refl\u00e8te une multiplicit\u00e9 d\u2019histoires &hellip; Continued\" \/>\n<meta property=\"og:url\" content=\"https:\/\/inspiritfoundation.org\/fr\/a-propos-de\/\" \/>\n<meta property=\"og:site_name\" content=\"Inspirit Foundation\" \/>\n<meta property=\"article:modified_time\" content=\"2026-01-15T17:59:12+00:00\" \/>\n<meta name=\"twitter:card\" content=\"summary_large_image\" \/>\n<meta name=\"twitter:label1\" content=\"Est. reading time\" \/>\n\t<meta name=\"twitter:data1\" content=\"2 minutes\" \/>\n<script type=\"application\/ld+json\" class=\"yoast-schema-graph\">{\"@context\":\"https:\/\/schema.org\",\"@graph\":[{\"@type\":\"WebPage\",\"@id\":\"https:\/\/inspiritfoundation.org\/fr\/a-propos-de\/\",\"url\":\"https:\/\/inspiritfoundation.org\/fr\/a-propos-de\/\",\"name\":\"\u00c0 propos de - Inspirit Foundation\",\"isPartOf\":{\"@id\":\"https:\/\/inspiritfoundation.org\/fr\/#website\"},\"datePublished\":\"2024-02-29T01:13:55+00:00\",\"dateModified\":\"2026-01-15T17:59:12+00:00\",\"breadcrumb\":{\"@id\":\"https:\/\/inspiritfoundation.org\/fr\/a-propos-de\/#breadcrumb\"},\"inLanguage\":\"fr-FR\",\"potentialAction\":[{\"@type\":\"ReadAction\",\"target\":[\"https:\/\/inspiritfoundation.org\/fr\/a-propos-de\/\"]}]},{\"@type\":\"BreadcrumbList\",\"@id\":\"https:\/\/inspiritfoundation.org\/fr\/a-propos-de\/#breadcrumb\",\"itemListElement\":[{\"@type\":\"ListItem\",\"position\":1,\"name\":\"Home\",\"item\":\"https:\/\/inspiritfoundation.org\/fr\/\"},{\"@type\":\"ListItem\",\"position\":2,\"name\":\"\u00c0 propos de\"}]},{\"@type\":\"WebSite\",\"@id\":\"https:\/\/inspiritfoundation.org\/fr\/#website\",\"url\":\"https:\/\/inspiritfoundation.org\/fr\/\",\"name\":\"Inspirit Foundation\",\"description\":\"\",\"potentialAction\":[{\"@type\":\"SearchAction\",\"target\":{\"@type\":\"EntryPoint\",\"urlTemplate\":\"https:\/\/inspiritfoundation.org\/fr\/?s={search_term_string}\"},\"query-input\":\"required name=search_term_string\"}],\"inLanguage\":\"fr-FR\"}]}<\/script>\n<!-- \/ Yoast SEO plugin. -->","yoast_head_json":{"title":"\u00c0 propos de - Inspirit Foundation","robots":{"index":"index","follow":"follow","max-snippet":"max-snippet:-1","max-image-preview":"max-image-preview:large","max-video-preview":"max-video-preview:-1"},"canonical":"https:\/\/inspiritfoundation.org\/fr\/a-propos-de\/","og_locale":"fr_FR","og_type":"article","og_title":"\u00c0 propos de - Inspirit Foundation","og_description":"Le&nbsp;changement&nbsp;narratif&nbsp;est&nbsp;un&nbsp;effort&nbsp;concert\u00e9&nbsp;pour&nbsp;remettre&nbsp;en&nbsp;question,&nbsp;modifier&nbsp;ou&nbsp;remplacer&nbsp;les&nbsp;r\u00e9cits&nbsp;existants&nbsp;qui&nbsp;perp\u00e9tuent&nbsp;les&nbsp;in\u00e9galit\u00e9s&nbsp;en&nbsp;tant&nbsp;que&nbsp;moyen&nbsp;de&nbsp;faire&nbsp;progresser&nbsp;la&nbsp;justice&nbsp;raciale,&nbsp;sociale&nbsp;et&nbsp;\u00e9conomique. Notre d\u00e9finition du changement narratif est adapt\u00e9e d\u2019ORS Impact et du projet sur l\u2019impact des m\u00e9dias du USC Norman Lear Center. Nous nous int\u00e9ressons aux infrastructures narratives qui favorisent le pluralisme et remettent en question les structures de repr\u00e9sentation discriminatoires, afin de permettre que le contenu pr\u00e9sent\u00e9 dans les m\u00e9dias refl\u00e8te une multiplicit\u00e9 d\u2019histoires &hellip; Continued","og_url":"https:\/\/inspiritfoundation.org\/fr\/a-propos-de\/","og_site_name":"Inspirit Foundation","article_modified_time":"2026-01-15T17:59:12+00:00","twitter_card":"summary_large_image","twitter_misc":{"Est. reading time":"2 minutes"},"schema":{"@context":"https:\/\/schema.org","@graph":[{"@type":"WebPage","@id":"https:\/\/inspiritfoundation.org\/fr\/a-propos-de\/","url":"https:\/\/inspiritfoundation.org\/fr\/a-propos-de\/","name":"\u00c0 propos de - Inspirit Foundation","isPartOf":{"@id":"https:\/\/inspiritfoundation.org\/fr\/#website"},"datePublished":"2024-02-29T01:13:55+00:00","dateModified":"2026-01-15T17:59:12+00:00","breadcrumb":{"@id":"https:\/\/inspiritfoundation.org\/fr\/a-propos-de\/#breadcrumb"},"inLanguage":"fr-FR","potentialAction":[{"@type":"ReadAction","target":["https:\/\/inspiritfoundation.org\/fr\/a-propos-de\/"]}]},{"@type":"BreadcrumbList","@id":"https:\/\/inspiritfoundation.org\/fr\/a-propos-de\/#breadcrumb","itemListElement":[{"@type":"ListItem","position":1,"name":"Home","item":"https:\/\/inspiritfoundation.org\/fr\/"},{"@type":"ListItem","position":2,"name":"\u00c0 propos de"}]},{"@type":"WebSite","@id":"https:\/\/inspiritfoundation.org\/fr\/#website","url":"https:\/\/inspiritfoundation.org\/fr\/","name":"Inspirit Foundation","description":"","potentialAction":[{"@type":"SearchAction","target":{"@type":"EntryPoint","urlTemplate":"https:\/\/inspiritfoundation.org\/fr\/?s={search_term_string}"},"query-input":"required name=search_term_string"}],"inLanguage":"fr-FR"}]}},"_links":{"self":[{"href":"https:\/\/inspiritfoundation.org\/fr\/wp-json\/wp\/v2\/pages\/88","targetHints":{"allow":["GET"]}}],"collection":[{"href":"https:\/\/inspiritfoundation.org\/fr\/wp-json\/wp\/v2\/pages"}],"about":[{"href":"https:\/\/inspiritfoundation.org\/fr\/wp-json\/wp\/v2\/types\/page"}],"author":[{"embeddable":true,"href":"https:\/\/inspiritfoundation.org\/fr\/wp-json\/wp\/v2\/users\/1"}],"replies":[{"embeddable":true,"href":"https:\/\/inspiritfoundation.org\/fr\/wp-json\/wp\/v2\/comments?post=88"}],"version-history":[{"count":16,"href":"https:\/\/inspiritfoundation.org\/fr\/wp-json\/wp\/v2\/pages\/88\/revisions"}],"predecessor-version":[{"id":5201,"href":"https:\/\/inspiritfoundation.org\/fr\/wp-json\/wp\/v2\/pages\/88\/revisions\/5201"}],"wp:attachment":[{"href":"https:\/\/inspiritfoundation.org\/fr\/wp-json\/wp\/v2\/media?parent=88"}],"curies":[{"name":"wp","href":"https:\/\/api.w.org\/{rel}","templated":true}]}}